{"id":9655,"date":"2023-10-15T23:09:53","date_gmt":"2023-10-15T23:09:53","guid":{"rendered":"https:\/\/www.herbanatur.com\/ca\/?page_id=9655"},"modified":"2024-04-26T03:43:27","modified_gmt":"2024-04-26T03:43:27","slug":"maison-1","status":"publish","type":"page","link":"https:\/\/www.herbanatur.com\/ca\/maison-1\/","title":{"rendered":"Maison 1 draft"},"content":{"rendered":"","protected":true},"excerpt":{"rendered":"","protected":true},"author":2,"featured_media":0,"parent":0,"menu_order":0,"comment_status":"closed","ping_status":"closed","template":"","meta":{"site-sidebar-layout":"no-sidebar","site-content-layout":"page-builder","ast-site-content-layout":"full-width-container","site-content-style":"unboxed","site-sidebar-style":"unboxed","ast-global-header-display":"","ast-banner-title-visibility":"","ast-main-header-display":"","ast-hfb-above-header-display":"","ast-hfb-below-header-display":"","ast-hfb-mobile-header-display":"","site-post-title":"disabled","ast-breadcrumbs-content":"","ast-featured-img":"disabled","footer-sml-layout":"","ast-disable-related-posts":"","theme-transparent-header-meta":"default","adv-header-id-meta":"","stick-header-meta":"","header-above-stick-meta":"","header-main-stick-meta":"","header-below-stick-meta":"","astra-migrate-meta-layouts":"set","ast-page-background-enabled":"default","ast-page-background-meta":{"desktop":{"background-color":"","background-image":"","background-repeat":"repeat","background-position":"center center","background-size":"auto","background-attachment":"scroll","background-type":"","background-media":"","overlay-type":"","overlay-color":"","overlay-opacity":"","overlay-gradient":""},"tablet":{"background-color":"","background-image":"","background-repeat":"repeat","background-position":"center center","background-size":"auto","background-attachment":"scroll","background-type":"","background-media":"","overlay-type":"","overlay-color":"","overlay-opacity":"","overlay-gradient":""},"mobile":{"background-color":"","background-image":"","background-repeat":"repeat","background-position":"center center","background-size":"auto","background-attachment":"scroll","background-type":"","background-media":"","overlay-type":"","overlay-color":"","overlay-opacity":"","overlay-gradient":""}},"ast-content-background-meta":{"desktop":{"background-color":"var(--ast-global-color-5)","background-image":"","background-repeat":"repeat","background-position":"center center","background-size":"auto","background-attachment":"scroll","background-type":"","background-media":"","overlay-type":"","overlay-color":"","overlay-opacity":"","overlay-gradient":""},"tablet":{"background-color":"var(--ast-global-color-5)","background-image":"","background-repeat":"repeat","background-position":"center center","background-size":"auto","background-attachment":"scroll","background-type":"","background-media":"","overlay-type":"","overlay-color":"","overlay-opacity":"","overlay-gradient":""},"mobile":{"background-color":"var(--ast-global-color-5)","background-image":"","background-repeat":"repeat","background-position":"center center","background-size":"auto","background-attachment":"scroll","background-type":"","background-media":"","overlay-type":"","overlay-color":"","overlay-opacity":"","overlay-gradient":""}},"footnotes":""},"class_list":["post-9655","page","type-page","status-publish","post-password-required","hentry"],"yoast_head":"<!-- This site is optimized with the Yoast SEO plugin v27.3 - https:\/\/yoast.com\/product\/yoast-seo-wordpress\/ -->\n<title>Solutions Durables Herbanatur | D\u00e9sherbant naturel | Herbicide naturel<\/title>\n<meta name=\"description\" content=\"Herbanatur d\u00e9veloppe et fabrique des solutions de d\u00e9sherbage biologique pour le march\u00e9 de d\u00e9tail et commercial. Nos bio-herbicides sont utilis\u00e9s par l&#039;entretien des pelouses\" \/>\n<meta name=\"robots\" content=\"index, follow, max-snippet:-1, max-image-preview:large, max-video-preview:-1\" \/>\n<link rel=\"canonical\" href=\"https:\/\/www.herbanatur.com\/ca\/maison-1\/\" \/>\n<meta property=\"og:locale\" content=\"en_US\" \/>\n<meta property=\"og:type\" content=\"article\" \/>\n<meta property=\"og:title\" content=\"Solutions Durables Herbanatur | D\u00e9sherbant naturel | Herbicide naturel\" \/>\n<meta property=\"og:description\" content=\"Herbanatur d\u00e9veloppe et fabrique des solutions de d\u00e9sherbage biologique pour le march\u00e9 de d\u00e9tail et commercial. Nos bio-herbicides sont utilis\u00e9s par l&#039;entretien des pelouses\" \/>\n<meta property=\"og:url\" content=\"https:\/\/www.herbanatur.com\/ca\/maison-1\/\" \/>\n<meta property=\"og:site_name\" content=\"Herbanatur\" \/>\n<meta property=\"article:publisher\" content=\"https:\/\/facebook.com\/herbanatur\" \/>\n<meta property=\"article:modified_time\" content=\"2024-04-26T03:43:27+00:00\" \/>\n<meta name=\"twitter:card\" content=\"summary_large_image\" \/>\n<meta name=\"twitter:label1\" content=\"Est. reading time\" \/>\n\t<meta name=\"twitter:data1\" content=\"4 minutes\" \/>\n<script type=\"application\/ld+json\" class=\"yoast-schema-graph\">{\"@context\":\"https:\\\/\\\/schema.org\",\"@graph\":[{\"@type\":\"WebPage\",\"@id\":\"https:\\\/\\\/www.herbanatur.com\\\/ca\\\/maison-1\\\/\",\"url\":\"https:\\\/\\\/www.herbanatur.com\\\/ca\\\/maison-1\\\/\",\"name\":\"Solutions Durables Herbanatur | D\u00e9sherbant naturel | Herbicide naturel\",\"isPartOf\":{\"@id\":\"https:\\\/\\\/www.herbanatur.com\\\/ca\\\/#website\"},\"datePublished\":\"2023-10-15T23:09:53+00:00\",\"dateModified\":\"2024-04-26T03:43:27+00:00\",\"breadcrumb\":{\"@id\":\"https:\\\/\\\/www.herbanatur.com\\\/ca\\\/maison-1\\\/#breadcrumb\"},\"inLanguage\":\"en-US\"},{\"@type\":\"WebSite\",\"@id\":\"https:\\\/\\\/www.herbanatur.com\\\/ca\\\/#website\",\"url\":\"https:\\\/\\\/www.herbanatur.com\\\/ca\\\/\",\"name\":\"Herbanatur\",\"description\":\"\",\"publisher\":{\"@id\":\"https:\\\/\\\/www.herbanatur.com\\\/ca\\\/#organization\"},\"potentialAction\":[{\"@type\":\"SearchAction\",\"target\":{\"@type\":\"EntryPoint\",\"urlTemplate\":\"https:\\\/\\\/www.herbanatur.com\\\/ca\\\/?s={search_term_string}\"},\"query-input\":{\"@type\":\"PropertyValueSpecification\",\"valueRequired\":true,\"valueName\":\"search_term_string\"}}],\"inLanguage\":\"en-US\"},{\"@type\":\"Organization\",\"@id\":\"https:\\\/\\\/www.herbanatur.com\\\/ca\\\/#organization\",\"name\":\"Herbanatur\",\"url\":\"https:\\\/\\\/www.herbanatur.com\\\/ca\\\/\",\"logo\":{\"@type\":\"ImageObject\",\"inLanguage\":\"en-US\",\"@id\":\"https:\\\/\\\/www.herbanatur.com\\\/ca\\\/#\\\/schema\\\/logo\\\/image\\\/\",\"url\":\"https:\\\/\\\/www.herbanatur.com\\\/ca\\\/wp-content\\\/uploads\\\/2020\\\/01\\\/cropped-logo-Herbanatur-sans-fond.png\",\"contentUrl\":\"https:\\\/\\\/www.herbanatur.com\\\/ca\\\/wp-content\\\/uploads\\\/2020\\\/01\\\/cropped-logo-Herbanatur-sans-fond.png\",\"width\":512,\"height\":512,\"caption\":\"Herbanatur\"},\"image\":{\"@id\":\"https:\\\/\\\/www.herbanatur.com\\\/ca\\\/#\\\/schema\\\/logo\\\/image\\\/\"},\"sameAs\":[\"https:\\\/\\\/facebook.com\\\/herbanatur\"]}]}<\/script>\n<!-- \/ Yoast SEO plugin. -->","yoast_head_json":{"title":"Solutions Durables Herbanatur | D\u00e9sherbant naturel | Herbicide naturel","description":"Herbanatur d\u00e9veloppe et fabrique des solutions de d\u00e9sherbage biologique pour le march\u00e9 de d\u00e9tail et commercial. Nos bio-herbicides sont utilis\u00e9s par l'entretien des pelouses","robots":{"index":"index","follow":"follow","max-snippet":"max-snippet:-1","max-image-preview":"max-image-preview:large","max-video-preview":"max-video-preview:-1"},"canonical":"https:\/\/www.herbanatur.com\/ca\/maison-1\/","og_locale":"en_US","og_type":"article","og_title":"Solutions Durables Herbanatur | D\u00e9sherbant naturel | Herbicide naturel","og_description":"Herbanatur d\u00e9veloppe et fabrique des solutions de d\u00e9sherbage biologique pour le march\u00e9 de d\u00e9tail et commercial. Nos bio-herbicides sont utilis\u00e9s par l'entretien des pelouses","og_url":"https:\/\/www.herbanatur.com\/ca\/maison-1\/","og_site_name":"Herbanatur","article_publisher":"https:\/\/facebook.com\/herbanatur","article_modified_time":"2024-04-26T03:43:27+00:00","twitter_card":"summary_large_image","twitter_misc":{"Est. reading time":"4 minutes"},"schema":{"@context":"https:\/\/schema.org","@graph":[{"@type":"WebPage","@id":"https:\/\/www.herbanatur.com\/ca\/maison-1\/","url":"https:\/\/www.herbanatur.com\/ca\/maison-1\/","name":"Solutions Durables Herbanatur | D\u00e9sherbant naturel | Herbicide naturel","isPartOf":{"@id":"https:\/\/www.herbanatur.com\/ca\/#website"},"datePublished":"2023-10-15T23:09:53+00:00","dateModified":"2024-04-26T03:43:27+00:00","breadcrumb":{"@id":"https:\/\/www.herbanatur.com\/ca\/maison-1\/#breadcrumb"},"inLanguage":"en-US"},{"@type":"WebSite","@id":"https:\/\/www.herbanatur.com\/ca\/#website","url":"https:\/\/www.herbanatur.com\/ca\/","name":"Herbanatur","description":"","publisher":{"@id":"https:\/\/www.herbanatur.com\/ca\/#organization"},"potentialAction":[{"@type":"SearchAction","target":{"@type":"EntryPoint","urlTemplate":"https:\/\/www.herbanatur.com\/ca\/?s={search_term_string}"},"query-input":{"@type":"PropertyValueSpecification","valueRequired":true,"valueName":"search_term_string"}}],"inLanguage":"en-US"},{"@type":"Organization","@id":"https:\/\/www.herbanatur.com\/ca\/#organization","name":"Herbanatur","url":"https:\/\/www.herbanatur.com\/ca\/","logo":{"@type":"ImageObject","inLanguage":"en-US","@id":"https:\/\/www.herbanatur.com\/ca\/#\/schema\/logo\/image\/","url":"https:\/\/www.herbanatur.com\/ca\/wp-content\/uploads\/2020\/01\/cropped-logo-Herbanatur-sans-fond.png","contentUrl":"https:\/\/www.herbanatur.com\/ca\/wp-content\/uploads\/2020\/01\/cropped-logo-Herbanatur-sans-fond.png","width":512,"height":512,"caption":"Herbanatur"},"image":{"@id":"https:\/\/www.herbanatur.com\/ca\/#\/schema\/logo\/image\/"},"sameAs":["https:\/\/facebook.com\/herbanatur"]}]}},"_links":{"self":[{"href":"https:\/\/www.herbanatur.com\/ca\/wp-json\/wp\/v2\/pages\/9655","targetHints":{"allow":["GET"]}}],"collection":[{"href":"https:\/\/www.herbanatur.com\/ca\/wp-json\/wp\/v2\/pages"}],"about":[{"href":"https:\/\/www.herbanatur.com\/ca\/wp-json\/wp\/v2\/types\/page"}],"author":[{"embeddable":true,"href":"https:\/\/www.herbanatur.com\/ca\/wp-json\/wp\/v2\/users\/2"}],"replies":[{"embeddable":true,"href":"https:\/\/www.herbanatur.com\/ca\/wp-json\/wp\/v2\/comments?post=9655"}],"version-history":[{"count":0,"href":"https:\/\/www.herbanatur.com\/ca\/wp-json\/wp\/v2\/pages\/9655\/revisions"}],"wp:attachment":[{"href":"https:\/\/www.herbanatur.com\/ca\/wp-json\/wp\/v2\/media?parent=9655"}],"curies":[{"name":"wp","href":"https:\/\/api.w.org\/{rel}","templated":true}]}}